{"id":1983,"date":"2023-11-09T11:35:06","date_gmt":"2023-11-09T10:35:06","guid":{"rendered":"https:\/\/www.primamont.sk\/zasady-pouzivania-suborov-cookie-eu\/"},"modified":"2023-11-09T11:35:06","modified_gmt":"2023-11-09T10:35:06","slug":"zasady-pouzivania-suborov-cookie-eu","status":"publish","type":"page","link":"https:\/\/www.primamont.sk\/en\/zasady-pouzivania-suborov-cookie-eu\/","title":{"rendered":"Z\u00e1sady pou\u017e\u00edvania s\u00faborov cookie (E\u00da)"},"content":{"rendered":"<p>[cmplz-document type=&#8220;cookie-statement&#8220; region=&#8220;eu&#8220;]<\/p>","protected":false},"excerpt":{"rendered":"<p>[cmplz-document type=&#8220;cookie-statement&#8220; region=&#8220;eu&#8220;]<\/p>","protected":false},"author":2,"featured_media":0,"parent":0,"menu_order":0,"comment_status":"closed","ping_status":"closed","template":"","meta":{"footnotes":""},"class_list":["post-1983","page","type-page","status-publish","hentry","entry"],"yoast_head":"<!-- This site is optimized with the Yoast SEO plugin v27.2 - https:\/\/yoast.com\/product\/yoast-seo-wordpress\/ -->\n<title>Z\u00e1sady pou\u017e\u00edvania s\u00faborov cookie (E\u00da) - Primamont<\/title>\n<meta name=\"robots\" content=\"index, follow, max-snippet:-1, max-image-preview:large, max-video-preview:-1\" \/>\n<link rel=\"canonical\" href=\"https:\/\/www.primamont.sk\/en\/zasady-pouzivania-suborov-cookie-eu\/\" \/>\n<meta property=\"og:locale\" content=\"en_GB\" \/>\n<meta property=\"og:type\" content=\"article\" \/>\n<meta property=\"og:title\" content=\"Z\u00e1sady pou\u017e\u00edvania s\u00faborov cookie (E\u00da) - Primamont\" \/>\n<meta property=\"og:description\" content=\"[cmplz-document type=&#8220;cookie-statement&#8220; region=&#8220;eu&#8220;]\" \/>\n<meta property=\"og:url\" content=\"https:\/\/www.primamont.sk\/en\/zasady-pouzivania-suborov-cookie-eu\/\" \/>\n<meta property=\"og:site_name\" content=\"Primamont\" \/>\n<meta name=\"twitter:card\" content=\"summary_large_image\" \/>\n<script type=\"application\/ld+json\" class=\"yoast-schema-graph\">{\"@context\":\"https:\/\/schema.org\",\"@graph\":[{\"@type\":\"WebPage\",\"@id\":\"https:\/\/www.primamont.sk\/zasady-pouzivania-suborov-cookie-eu\/\",\"url\":\"https:\/\/www.primamont.sk\/zasady-pouzivania-suborov-cookie-eu\/\",\"name\":\"Z\u00e1sady pou\u017e\u00edvania s\u00faborov cookie (E\u00da) - Primamont\",\"isPartOf\":{\"@id\":\"https:\/\/www.primamont.sk\/#website\"},\"datePublished\":\"2023-11-09T10:35:06+00:00\",\"breadcrumb\":{\"@id\":\"https:\/\/www.primamont.sk\/zasady-pouzivania-suborov-cookie-eu\/#breadcrumb\"},\"inLanguage\":\"en-GB\",\"potentialAction\":[{\"@type\":\"ReadAction\",\"target\":[\"https:\/\/www.primamont.sk\/zasady-pouzivania-suborov-cookie-eu\/\"]}]},{\"@type\":\"BreadcrumbList\",\"@id\":\"https:\/\/www.primamont.sk\/zasady-pouzivania-suborov-cookie-eu\/#breadcrumb\",\"itemListElement\":[{\"@type\":\"ListItem\",\"position\":1,\"name\":\"Home\",\"item\":\"https:\/\/www.primamont.sk\/\"},{\"@type\":\"ListItem\",\"position\":2,\"name\":\"Z\u00e1sady pou\u017e\u00edvania s\u00faborov cookie (E\u00da)\"}]},{\"@type\":\"WebSite\",\"@id\":\"https:\/\/www.primamont.sk\/#website\",\"url\":\"https:\/\/www.primamont.sk\/\",\"name\":\"Primamont\",\"description\":\"S\u0165ahovacie slu\u017eby - s\u0165ahovanie primamont\",\"publisher\":{\"@id\":\"https:\/\/www.primamont.sk\/#organization\"},\"potentialAction\":[{\"@type\":\"SearchAction\",\"target\":{\"@type\":\"EntryPoint\",\"urlTemplate\":\"https:\/\/www.primamont.sk\/?s={search_term_string}\"},\"query-input\":{\"@type\":\"PropertyValueSpecification\",\"valueRequired\":true,\"valueName\":\"search_term_string\"}}],\"inLanguage\":\"en-GB\"},{\"@type\":\"Organization\",\"@id\":\"https:\/\/www.primamont.sk\/#organization\",\"name\":\"Primamont\",\"url\":\"https:\/\/www.primamont.sk\/\",\"logo\":{\"@type\":\"ImageObject\",\"inLanguage\":\"en-GB\",\"@id\":\"https:\/\/www.primamont.sk\/#\/schema\/logo\/image\/\",\"url\":\"https:\/\/www.primamont.sk\/wp-content\/uploads\/2021\/01\/primamont-png.png\",\"contentUrl\":\"https:\/\/www.primamont.sk\/wp-content\/uploads\/2021\/01\/primamont-png.png\",\"width\":500,\"height\":150,\"caption\":\"Primamont\"},\"image\":{\"@id\":\"https:\/\/www.primamont.sk\/#\/schema\/logo\/image\/\"}}]}<\/script>\n<!-- \/ Yoast SEO plugin. -->","yoast_head_json":{"title":"Z\u00e1sady pou\u017e\u00edvania s\u00faborov cookie (E\u00da) - Primamont","robots":{"index":"index","follow":"follow","max-snippet":"max-snippet:-1","max-image-preview":"max-image-preview:large","max-video-preview":"max-video-preview:-1"},"canonical":"https:\/\/www.primamont.sk\/en\/zasady-pouzivania-suborov-cookie-eu\/","og_locale":"en_GB","og_type":"article","og_title":"Z\u00e1sady pou\u017e\u00edvania s\u00faborov cookie (E\u00da) - Primamont","og_description":"[cmplz-document type=&#8220;cookie-statement&#8220; region=&#8220;eu&#8220;]","og_url":"https:\/\/www.primamont.sk\/en\/zasady-pouzivania-suborov-cookie-eu\/","og_site_name":"Primamont","twitter_card":"summary_large_image","schema":{"@context":"https:\/\/schema.org","@graph":[{"@type":"WebPage","@id":"https:\/\/www.primamont.sk\/zasady-pouzivania-suborov-cookie-eu\/","url":"https:\/\/www.primamont.sk\/zasady-pouzivania-suborov-cookie-eu\/","name":"Z\u00e1sady pou\u017e\u00edvania s\u00faborov cookie (E\u00da) - Primamont","isPartOf":{"@id":"https:\/\/www.primamont.sk\/#website"},"datePublished":"2023-11-09T10:35:06+00:00","breadcrumb":{"@id":"https:\/\/www.primamont.sk\/zasady-pouzivania-suborov-cookie-eu\/#breadcrumb"},"inLanguage":"en-GB","potentialAction":[{"@type":"ReadAction","target":["https:\/\/www.primamont.sk\/zasady-pouzivania-suborov-cookie-eu\/"]}]},{"@type":"BreadcrumbList","@id":"https:\/\/www.primamont.sk\/zasady-pouzivania-suborov-cookie-eu\/#breadcrumb","itemListElement":[{"@type":"ListItem","position":1,"name":"Home","item":"https:\/\/www.primamont.sk\/"},{"@type":"ListItem","position":2,"name":"Z\u00e1sady pou\u017e\u00edvania s\u00faborov cookie (E\u00da)"}]},{"@type":"WebSite","@id":"https:\/\/www.primamont.sk\/#website","url":"https:\/\/www.primamont.sk\/","name":"Primamont","description":"S\u0165ahovacie slu\u017eby - s\u0165ahovanie primamont","publisher":{"@id":"https:\/\/www.primamont.sk\/#organization"},"potentialAction":[{"@type":"SearchAction","target":{"@type":"EntryPoint","urlTemplate":"https:\/\/www.primamont.sk\/?s={search_term_string}"},"query-input":{"@type":"PropertyValueSpecification","valueRequired":true,"valueName":"search_term_string"}}],"inLanguage":"en-GB"},{"@type":"Organization","@id":"https:\/\/www.primamont.sk\/#organization","name":"Primamont","url":"https:\/\/www.primamont.sk\/","logo":{"@type":"ImageObject","inLanguage":"en-GB","@id":"https:\/\/www.primamont.sk\/#\/schema\/logo\/image\/","url":"https:\/\/www.primamont.sk\/wp-content\/uploads\/2021\/01\/primamont-png.png","contentUrl":"https:\/\/www.primamont.sk\/wp-content\/uploads\/2021\/01\/primamont-png.png","width":500,"height":150,"caption":"Primamont"},"image":{"@id":"https:\/\/www.primamont.sk\/#\/schema\/logo\/image\/"}}]}},"_links":{"self":[{"href":"https:\/\/www.primamont.sk\/en\/wp-json\/wp\/v2\/pages\/1983","targetHints":{"allow":["GET"]}}],"collection":[{"href":"https:\/\/www.primamont.sk\/en\/wp-json\/wp\/v2\/pages"}],"about":[{"href":"https:\/\/www.primamont.sk\/en\/wp-json\/wp\/v2\/types\/page"}],"author":[{"embeddable":true,"href":"https:\/\/www.primamont.sk\/en\/wp-json\/wp\/v2\/users\/2"}],"replies":[{"embeddable":true,"href":"https:\/\/www.primamont.sk\/en\/wp-json\/wp\/v2\/comments?post=1983"}],"version-history":[{"count":0,"href":"https:\/\/www.primamont.sk\/en\/wp-json\/wp\/v2\/pages\/1983\/revisions"}],"wp:attachment":[{"href":"https:\/\/www.primamont.sk\/en\/wp-json\/wp\/v2\/media?parent=1983"}],"curies":[{"name":"wp","href":"https:\/\/api.w.org\/{rel}","templated":true}]}}